{"id":4955,"date":"2024-04-16T21:03:43","date_gmt":"2024-04-16T21:03:43","guid":{"rendered":"https:\/\/farmworkermovement-csun.org\/?page_id=4955"},"modified":"2024-07-29T22:21:36","modified_gmt":"2024-07-29T22:21:36","slug":"manteca-to-stockton","status":"publish","type":"page","link":"https:\/\/farmworkermovement-csun.org\/es\/manteca-to-stockton\/","title":{"rendered":"Timeline: [19] Manteca to Stockton (April 3, 1966)"},"content":{"rendered":"<p>[et_pb_section fb_built=&#8221;1&#8243; disabled_on=&#8221;on|off|off&#8221; _builder_version=&#8221;4.21.0&#8243; _module_preset=&#8221;default&#8221; use_background_color_gradient=&#8221;on&#8221; background_color_gradient_direction=&#8221;360deg&#8221; background_color_gradient_stops=&#8221;#000000 0%|rgba(10,10,10,0) 65%&#8221; background_color_gradient_overlays_image=&#8221;on&#8221; background_image=&#8221;http:\/\/farmworkermovement-csun.org\/wp-content\/uploads\/2024\/04\/17.41.JK_.N35.B7.05.22.08-scaled.jpg&#8221; background_size=&#8221;custom&#8221; background_image_width=&#8221;113%&#8221; background_position=&#8221;top_center&#8221; background_vertical_offset=&#8221;43%&#8221; width=&#8221;100%&#8221; min_height=&#8221;39vh&#8221; custom_margin=&#8221;-2px|||||&#8221; custom_padding=&#8221;98px|0px|98px|0px|true|true&#8221; locked=&#8221;off&#8221; global_colors_info=&#8221;{}&#8221;][et_pb_row _builder_version=&#8221;4.21.0&#8243; _module_preset=&#8221;default&#8221; custom_padding=&#8221;150px||||false|false&#8221; global_colors_info=&#8221;{}&#8221;][et_pb_column type=&#8221;4_4&#8243; _builder_version=&#8221;4.17.4&#8243; _module_preset=&#8221;default&#8221; global_colors_info=&#8221;{}&#8221;][et_pb_text _builder_version=&#8221;4.21.0&#8243; _module_preset=&#8221;default&#8221; text_font=&#8221;Montserrat|700|||||||&#8221; header_font=&#8221;Montserrat|700|||||||&#8221; header_text_align=&#8221;center&#8221; header_text_color=&#8221;#FFFFFF&#8221; header_font_size=&#8221;76px&#8221; custom_margin=&#8221;||-16px||false|false&#8221; custom_padding=&#8221;26px||0px||false|false&#8221; header_font_tablet=&#8221;Montserrat|700|||||||&#8221; header_font_phone=&#8221;Montserrat|700|||||||&#8221; header_font_last_edited=&#8221;on|desktop&#8221; global_colors_info=&#8221;{}&#8221; custom_margin__hover_enabled=&#8221;on|desktop&#8221; custom_margin__hover=&#8221;||-16px||false|false&#8221;]<\/p>\n<h1 class=\"ItemListBreadcrumb-currentItemTitle page-title\" style=\"text-align: center;\">Manteca to Stockton, April 3<\/h1>\n<p>[\/et_pb_text][\/et_pb_column][\/et_pb_row][\/et_pb_section][et_pb_section fb_built=&#8221;1&#8243; disabled_on=&#8221;off|on|on&#8221; _builder_version=&#8221;4.21.0&#8243; _module_preset=&#8221;default&#8221; use_background_color_gradient=&#8221;on&#8221; background_color_gradient_direction=&#8221;360deg&#8221; background_color_gradient_stops=&#8221;#000000 0%|rgba(10,10,10,0) 65%&#8221; background_color_gradient_overlays_image=&#8221;on&#8221; background_image=&#8221;http:\/\/farmworkermovement-csun.org\/wp-content\/uploads\/2024\/04\/17.41.JK_.N35.B7.05.22.08-scaled.jpg&#8221; background_size=&#8221;custom&#8221; background_image_width=&#8221;113%&#8221; background_position=&#8221;top_center&#8221; background_vertical_offset=&#8221;35%&#8221; width=&#8221;100%&#8221; min_height=&#8221;39vh&#8221; custom_margin=&#8221;-2px|||||&#8221; custom_padding=&#8221;98px|0px|98px|0px|true|true&#8221; locked=&#8221;off&#8221; global_colors_info=&#8221;{}&#8221;][et_pb_row _builder_version=&#8221;4.21.0&#8243; _module_preset=&#8221;default&#8221; custom_padding=&#8221;85px|||||&#8221; global_colors_info=&#8221;{}&#8221;][et_pb_column type=&#8221;4_4&#8243; _builder_version=&#8221;4.17.4&#8243; _module_preset=&#8221;default&#8221; global_colors_info=&#8221;{}&#8221;][et_pb_text _builder_version=&#8221;4.21.0&#8243; _module_preset=&#8221;default&#8221; text_font=&#8221;Montserrat|700|||||||&#8221; header_font=&#8221;|700|||||||&#8221; header_text_align=&#8221;center&#8221; header_text_color=&#8221;#FFFFFF&#8221; header_font_size=&#8221;40px&#8221; text_orientation=&#8221;center&#8221; custom_margin=&#8221;||||false|false&#8221; custom_padding=&#8221;75px||||false|false&#8221; header_font_tablet=&#8221;Roboto Slab|700|||||||&#8221; header_font_phone=&#8221;Montserrat|700|||||||&#8221; header_font_last_edited=&#8221;on|desktop&#8221; global_colors_info=&#8221;{}&#8221;]<\/p>\n<h1 class=\"ItemListBreadcrumb-currentItemTitle page-title\" style=\"text-align: center;\">Manteca to Stockton, April 3<\/h1>\n<p>[\/et_pb_text][\/et_pb_column][\/et_pb_row][\/et_pb_section][et_pb_section fb_built=&#8221;1&#8243; _builder_version=&#8221;4.21.0&#8243; _module_preset=&#8221;default&#8221; min_height=&#8221;388.8px&#8221; global_colors_info=&#8221;{}&#8221;][et_pb_row column_structure=&#8221;1_3,2_3&#8243; _builder_version=&#8221;4.21.0&#8243; _module_preset=&#8221;default&#8221; custom_padding=&#8221;12px||0px|||&#8221; global_colors_info=&#8221;{}&#8221;][et_pb_column type=&#8221;1_3&#8243; _builder_version=&#8221;4.21.0&#8243; _module_preset=&#8221;default&#8221; global_colors_info=&#8221;{}&#8221;][et_pb_text _builder_version=&#8221;4.21.0&#8243; _module_preset=&#8221;default&#8221; text_line_height=&#8221;1.6em&#8221; link_option_url=&#8221;https:\/\/cdm17169.contentdm.oclc.org\/digital\/collection\/FMC\/search\/searchterm\/stockton%20(calif.)\/field\/covera\/mode\/exact\/conn\/and&#8221; link_option_url_new_window=&#8221;on&#8221; global_colors_info=&#8221;{}&#8221;]<\/p>\n<p><span style=\"color: #999999;\"><em>Supporters welcome marchers to Stockton during the march to Sacramento, Stockton, CA, 1966. Photo by John Kouns.<\/em><\/span><\/p>\n<p>[\/et_pb_text][\/et_pb_column][et_pb_column type=&#8221;2_3&#8243; _builder_version=&#8221;4.21.0&#8243; _module_preset=&#8221;default&#8221; global_colors_info=&#8221;{}&#8221;][et_pb_text _builder_version=&#8221;4.21.0&#8243; _module_preset=&#8221;default&#8221; text_font_size=&#8221;20px&#8221; text_line_height=&#8221;1.6em&#8221; hover_enabled=&#8221;0&#8243; global_colors_info=&#8221;{}&#8221; sticky_enabled=&#8221;0&#8243;]<\/p>\n<p><span style=\"font-weight: 400;\">Palm Sunday, April 3, marked a significant breakthrough for the NFWA. The pilgrims attended mass in the morning in Manteca&#8217;s South City Park and then embarked on a walk that started with several hundred participants and grew to several thousand people upon reaching Stockton. As the marchers rested in St. Mary&#8217;s Square, <a href=\"https:\/\/farmworkermovement-csun.org\/cesar-chavez\/\">C\u00e9sar Ch\u00e1vez<\/a> received a call from Sidney Korchak, a Los Angeles labor negotiator representing Schenley, a major liquor distributor with property in Delano. He wanted to schedule a meeting to discuss union recognition and negotiate a contract.<\/span><\/p>\n<p><span style=\"font-weight: 400;\">After discussing with the other marchers, Ch\u00e1vez and <a href=\"https:\/\/farmworkermovement-csun.org\/chris_hartmire\/\">Chris Hartmire<\/a> left Stockton driving to Beverly Hills. In the following days, the NFWA negotiated an agreement with Schenley Industries, securing union recognition. The contract, negotiated by <a href=\"https:\/\/farmworkermovement-csun.org\/dolores-huerta\/\">Dolores Huerta<\/a> and signed on June 21, 1966, became the first union contract in California farm labor history. It provided a new minimum of $1,75 wage but most importantly union recognition and the creation of a union hiring hall that would eliminate labor contractors. At that time, California\u2019s $ 3.7 billion agricultural industry employed some 500,000 workers, and the average income of seasonal farm workers was estimated at $2,500. (<a href=\"https:\/\/farmworkermovement-csun.org\/day-of-rest-in-stockton\/\" target=\"_blank\" rel=\"noopener\">Go to Day 19<\/a>)<\/span><\/p>\n<p>[\/et_pb_text][\/et_pb_column][\/et_pb_row][\/et_pb_section][et_pb_section fb_built=&#8221;1&#8243; fullwidth=&#8221;on&#8221; _builder_version=&#8221;4.21.0&#8243; _module_preset=&#8221;default&#8221; global_colors_info=&#8221;{}&#8221;][\/et_pb_section][et_pb_section fb_built=&#8221;1&#8243; fullwidth=&#8221;on&#8221; _builder_version=&#8221;4.21.0&#8243; _module_preset=&#8221;default&#8221; global_colors_info=&#8221;{}&#8221;][et_pb_fullwidth_slider _builder_version=&#8221;4.21.0&#8243; _module_preset=&#8221;default&#8221; global_colors_info=&#8221;{}&#8221;][et_pb_slide image=&#8221;http:\/\/farmworkermovement-csun.org\/wp-content\/uploads\/2024\/04\/17.41.JK_.N35.B7.01.17.23A-scaled.jpg&#8221; _builder_version=&#8221;4.21.0&#8243; _module_preset=&#8221;default&#8221; header_font_size=&#8221;46px&#8221; background_color=&#8221;#D22030&#8243; background_enable_color=&#8221;on&#8221; background_enable_image=&#8221;off&#8221; link_option_url=&#8221;https:\/\/cdm17169.contentdm.oclc.org\/digital\/collection\/FMC\/id\/2087&#8243; link_option_url_new_window=&#8221;on&#8221; global_colors_info=&#8221;{}&#8221; sticky_transition=&#8221;on&#8221;]<\/p>\n<h6>Marchers in the street during the march to Sacramento, Stockton, CA, 1966<\/h6>\n<p>Marchers walk across E Church Street in Stockton during the march to Sacramento holding signs from MAPA (Mexican American Political Association), NFWA Salinas, and one sign reading, \u201cSchenley Unfair, Don\u2019t Buy\u201d. The marchers were in Stockton from April 3 to April 5, 1966, with a day of rest on April 4. Stockton, California, April 3, 1966. Photo by John Kouns.<\/p>\n<p>[\/et_pb_slide][et_pb_slide image=&#8221;http:\/\/farmworkermovement-csun.org\/wp-content\/uploads\/2024\/04\/17.41.JK_.N35.B7.05.22.10-1.jpg&#8221; _builder_version=&#8221;4.21.0&#8243; _module_preset=&#8221;default&#8221; header_font_size=&#8221;46px&#8221; background_color=&#8221;#D22030&#8243; background_enable_color=&#8221;on&#8221; background_enable_image=&#8221;off&#8221; link_option_url=&#8221;https:\/\/digital-library.csun.edu\/fmc&#8221; link_option_url_new_window=&#8221;on&#8221; global_colors_info=&#8221;{}&#8221; sticky_transition=&#8221;on&#8221;]<\/p>\n<h6>Supporters welcome C\u00e9sar Ch\u00e1vez, Helen Ch\u00e1vez, and marchers to Stockton during the march to Sacramento, Stockton, CA, 1966<\/h6>\n<p>At the intersection of San Joaquin Street and Washington Street, supporters warmly greet C\u00e9sar Ch\u00e1vez, Helen Ch\u00e1vez, and fellow marchers as they walk through Stockton, during the march to Sacramento. A NFWA flag and a Delano sign hanged from a pole. Stockton, California, April 3, 1966. Photo by John Kouns.<\/p>\n<p>[\/et_pb_slide][et_pb_slide image=&#8221;http:\/\/farmworkermovement-csun.org\/wp-content\/uploads\/2024\/04\/17.41.JK_.N35.B7.05.22.11-1.jpg&#8221; _builder_version=&#8221;4.21.0&#8243; _module_preset=&#8221;default&#8221; header_font_size=&#8221;46px&#8221; background_color=&#8221;#D22030&#8243; background_enable_color=&#8221;on&#8221; background_enable_image=&#8221;off&#8221; link_option_url=&#8221;https:\/\/digital-library.csun.edu\/fmc&#8221; link_option_url_new_window=&#8221;on&#8221; global_colors_info=&#8221;{}&#8221; sticky_transition=&#8221;on&#8221;]<\/p>\n<h6>Supporters standing at tables with food and drink welcome marchers to Stockton during the march to Sacramento, Stockton, CA, 1966<\/h6>\n<p>Supporters standing at tables with food and drinks welcome marchers arriving in Stockton during the march to Sacramento. Stockton, California, April 3, 1966. Photo by John Kouns.<\/p>\n<p>[\/et_pb_slide][\/et_pb_fullwidth_slider][\/et_pb_section][et_pb_section fb_built=&#8221;1&#8243; _builder_version=&#8221;4.21.0&#8243; _module_preset=&#8221;default&#8221; background_color=&#8221;#D8D2C4&#8243; min_height=&#8221;530px&#8221; custom_margin=&#8221;-1px|||||&#8221; custom_padding=&#8221;0px|||||&#8221; global_module=&#8221;70&#8243; saved_tabs=&#8221;all&#8221; locked=&#8221;off&#8221; global_colors_info=&#8221;{}&#8221;][et_pb_row column_structure=&#8221;1_4,1_4,1_4,1_4&#8243; _builder_version=&#8221;4.21.0&#8243; _module_preset=&#8221;default&#8221; global_colors_info=&#8221;{}&#8221;][et_pb_column type=&#8221;1_4&#8243; _builder_version=&#8221;4.21.0&#8243; _module_preset=&#8221;default&#8221; global_colors_info=&#8221;{}&#8221;][et_pb_image src=&#8221;http:\/\/farmworkermovement-csun.org\/wp-content\/uploads\/2023\/07\/footer_logos.png&#8221; title_text=&#8221;footer_logos&#8221; url=&#8221;https:\/\/www.csun.edu\/bradley-center&#8221; url_new_window=&#8221;on&#8221; align=&#8221;center&#8221; _builder_version=&#8221;4.21.0&#8243; _module_preset=&#8221;default&#8221; global_colors_info=&#8221;{}&#8221;][\/et_pb_image][et_pb_image src=&#8221;http:\/\/farmworkermovement-csun.org\/wp-content\/uploads\/2023\/07\/NEH-Preferred-Seal.png&#8221; alt=&#8221;NEH-Preferred-Seal-logo&#8221; title_text=&#8221;NEH-Preferred-Seal&#8221; _builder_version=&#8221;4.21.0&#8243; _module_preset=&#8221;default&#8221; global_colors_info=&#8221;{}&#8221;][\/et_pb_image][\/et_pb_column][et_pb_column type=&#8221;1_4&#8243; _builder_version=&#8221;4.21.0&#8243; _module_preset=&#8221;default&#8221; global_colors_info=&#8221;{}&#8221;][et_pb_text _builder_version=&#8221;4.21.0&#8243; _module_preset=&#8221;default&#8221; global_colors_info=&#8221;{}&#8221;]<\/p>\n<p><span class=\"fn org\" style=\"color: #000000;\">Tom &amp; Ethel Bradley Center<br \/>California State University, Northridge<\/span><br \/><span class=\"street-address\" style=\"color: #000000;\">18111 Nordhoff Street, Northridge, CA 91330<\/span><br \/><span class=\"tel\">Phone:\u00a0<a class=\"value\" href=\"tel:+18186771200\">(818) 677-1200<\/a><\/span>\u00a0\/\u00a0<span class=\"contact-us\"><a href=\"https:\/\/www.csun.edu\/contact\">Contact Us<\/a><\/span><\/p>\n<p>[\/et_pb_text][\/et_pb_column][et_pb_column type=&#8221;1_4&#8243; _builder_version=&#8221;4.21.0&#8243; _module_preset=&#8221;default&#8221; global_colors_info=&#8221;{}&#8221;][et_pb_text _builder_version=&#8221;4.21.0&#8243; _module_preset=&#8221;default&#8221; global_colors_info=&#8221;{}&#8221;]<\/p>\n<p><a href=\"https:\/\/www.csun.edu\/emergency\/\">Emergency Information<\/a><\/p>\n<p><a href=\"https:\/\/www.csun.edu\/afvp\/university-policies-procedures\/\">University Policies &amp; Procedures<\/a><\/p>\n<p><a href=\"https:\/\/www.csun.edu\/eqd\/title-ix-gender-equity-and-sexual-misconduct\">Title<span>\u00a0<\/span><abbr title=\"nine\">IX<\/abbr><\/a><\/p>\n<p>[\/et_pb_text][\/et_pb_column][et_pb_column type=&#8221;1_4&#8243; _builder_version=&#8221;4.21.0&#8243; _module_preset=&#8221;default&#8221; global_colors_info=&#8221;{}&#8221;][et_pb_text _builder_version=&#8221;4.21.0&#8243; _module_preset=&#8221;default&#8221; global_colors_info=&#8221;{}&#8221;]<\/p>\n<p><a href=\"https:\/\/www.csun.edu\/sites\/default\/files\/900-12.pdf\">Terms and Conditions for Use<\/a><\/p>\n<p><a href=\"https:\/\/www.csun.edu\/it\/privacy\">Privacy Policy<\/a><\/p>\n<p><a href=\"https:\/\/www.csun.edu\/it\/document-viewers\">Document Reader<\/a><\/p>\n<p>[\/et_pb_text][\/et_pb_column][\/et_pb_row][\/et_pb_section]<\/p>\n","protected":false},"excerpt":{"rendered":"<p>Manteca to Stockton, April 3Manteca to Stockton, April 3Supporters welcome marchers to Stockton during the march to Sacramento, Stockton, CA, 1966. Photo by John Kouns.Palm Sunday, April 3, marked a significant breakthrough for the NFWA. The pilgrims attended mass in the morning in Manteca&#8217;s South City Park and then embarked on a walk that started [&hellip;]<\/p>\n","protected":false},"author":1,"featured_media":0,"parent":0,"menu_order":0,"comment_status":"closed","ping_status":"closed","template":"","meta":{"_et_pb_use_builder":"on","_et_pb_old_content":"","_et_gb_content_width":"","om_disable_all_campaigns":false,"_monsterinsights_skip_tracking":false,"_monsterinsights_sitenote_active":false,"_monsterinsights_sitenote_note":"","_monsterinsights_sitenote_category":0,"_uf_show_specific_survey":0,"_uf_disable_surveys":false,"footnotes":""},"class_list":["post-4955","page","type-page","status-publish","hentry"],"aioseo_notices":[],"_links":{"self":[{"href":"https:\/\/farmworkermovement-csun.org\/es\/wp-json\/wp\/v2\/pages\/4955","targetHints":{"allow":["GET"]}}],"collection":[{"href":"https:\/\/farmworkermovement-csun.org\/es\/wp-json\/wp\/v2\/pages"}],"about":[{"href":"https:\/\/farmworkermovement-csun.org\/es\/wp-json\/wp\/v2\/types\/page"}],"author":[{"embeddable":true,"href":"https:\/\/farmworkermovement-csun.org\/es\/wp-json\/wp\/v2\/users\/1"}],"replies":[{"embeddable":true,"href":"https:\/\/farmworkermovement-csun.org\/es\/wp-json\/wp\/v2\/comments?post=4955"}],"version-history":[{"count":11,"href":"https:\/\/farmworkermovement-csun.org\/es\/wp-json\/wp\/v2\/pages\/4955\/revisions"}],"predecessor-version":[{"id":6305,"href":"https:\/\/farmworkermovement-csun.org\/es\/wp-json\/wp\/v2\/pages\/4955\/revisions\/6305"}],"wp:attachment":[{"href":"https:\/\/farmworkermovement-csun.org\/es\/wp-json\/wp\/v2\/media?parent=4955"}],"curies":[{"name":"wp","href":"https:\/\/api.w.org\/{rel}","templated":true}]}}